{"id":2246,"date":"2017-02-17T15:18:26","date_gmt":"2017-02-17T15:18:26","guid":{"rendered":"https:\/\/m2m2u.fi\/wp\/?page_id=2246"},"modified":"2017-02-17T15:19:05","modified_gmt":"2017-02-17T15:19:05","slug":"protegus","status":"publish","type":"page","link":"https:\/\/m2m2u.fi\/?page_id=2246","title":{"rendered":"Protegus"},"content":{"rendered":"<p><a href=\"https:\/\/www.protegus.eu\/login\"><img loading=\"lazy\" decoding=\"async\" class=\"alignnone wp-image-156 size-medium\" src=\"https:\/\/m2m2u.fi\/wp\/wp-content\/uploads\/2017\/02\/protegus01-300x250.jpg\" width=\"300\" height=\"250\" srcset=\"https:\/\/m2m2u.fi\/wp-content\/uploads\/2017\/02\/protegus01-300x250.jpg 300w, https:\/\/m2m2u.fi\/wp-content\/uploads\/2017\/02\/protegus01-100x83.jpg 100w, https:\/\/m2m2u.fi\/wp-content\/uploads\/2017\/02\/protegus01.jpg 422w\" sizes=\"auto, (max-width: 300px) 100vw, 300px\" \/><\/a><\/p>\n<p><strong><a href=\"https:\/\/www.protegus.eu\/login\">KIRJAUDU T\u00c4ST\u00c4 PROTEGUS-PALVELUUN!<\/a><\/strong><\/p>\n<p><strong><a href=\"http:\/\/www.protegus.eu\/en\">LIS\u00c4TIETOJA PROTEGUS-PALVELUSTA.<\/a>\u00a0<\/strong>(eng)<\/p>\n","protected":false},"excerpt":{"rendered":"<p>KIRJAUDU T\u00c4ST\u00c4 PROTEGUS-PALVELUUN! LIS\u00c4TIETOJA PROTEGUS-PALVELUSTA.\u00a0(eng)<\/p>\n","protected":false},"author":1,"featured_media":0,"parent":0,"menu_order":0,"comment_status":"closed","ping_status":"closed","template":"","meta":{"footnotes":""},"class_list":["post-2246","page","type-page","status-publish","hentry"],"yoast_head":"<!-- This site is optimized with the Yoast SEO plugin v27.5 - https:\/\/yoast.com\/product\/yoast-seo-wordpress\/ -->\n<title>Protegus - M2M2U Finland<\/title>\n<meta name=\"robots\" content=\"index, follow, max-snippet:-1, max-image-preview:large, max-video-preview:-1\" \/>\n<link rel=\"canonical\" href=\"https:\/\/m2m2u.fi\/?page_id=2246\" \/>\n<meta property=\"og:locale\" content=\"fi_FI\" \/>\n<meta property=\"og:type\" content=\"article\" \/>\n<meta property=\"og:title\" content=\"Protegus - M2M2U Finland\" \/>\n<meta property=\"og:description\" content=\"KIRJAUDU T\u00c4ST\u00c4 PROTEGUS-PALVELUUN! LIS\u00c4TIETOJA PROTEGUS-PALVELUSTA.\u00a0(eng)\" \/>\n<meta property=\"og:url\" content=\"https:\/\/m2m2u.fi\/?page_id=2246\" \/>\n<meta property=\"og:site_name\" content=\"M2M2U Finland\" \/>\n<meta property=\"article:modified_time\" content=\"2017-02-17T15:19:05+00:00\" \/>\n<meta property=\"og:image\" content=\"https:\/\/m2m2u.fi\/wp-content\/uploads\/2017\/02\/protegus01.jpg\" \/>\n\t<meta property=\"og:image:width\" content=\"422\" \/>\n\t<meta property=\"og:image:height\" content=\"352\" \/>\n\t<meta property=\"og:image:type\" content=\"image\/jpeg\" \/>\n<meta name=\"twitter:card\" content=\"summary_large_image\" \/>\n<script type=\"application\/ld+json\" class=\"yoast-schema-graph\">{\"@context\":\"https:\\\/\\\/schema.org\",\"@graph\":[{\"@type\":\"WebPage\",\"@id\":\"https:\\\/\\\/m2m2u.fi\\\/?page_id=2246\",\"url\":\"https:\\\/\\\/m2m2u.fi\\\/?page_id=2246\",\"name\":\"Protegus - M2M2U Finland\",\"isPartOf\":{\"@id\":\"https:\\\/\\\/m2m2u.fi\\\/#website\"},\"primaryImageOfPage\":{\"@id\":\"https:\\\/\\\/m2m2u.fi\\\/?page_id=2246#primaryimage\"},\"image\":{\"@id\":\"https:\\\/\\\/m2m2u.fi\\\/?page_id=2246#primaryimage\"},\"thumbnailUrl\":\"https:\\\/\\\/m2m2u.fi\\\/wp\\\/wp-content\\\/uploads\\\/2017\\\/02\\\/protegus01-300x250.jpg\",\"datePublished\":\"2017-02-17T15:18:26+00:00\",\"dateModified\":\"2017-02-17T15:19:05+00:00\",\"breadcrumb\":{\"@id\":\"https:\\\/\\\/m2m2u.fi\\\/?page_id=2246#breadcrumb\"},\"inLanguage\":\"fi\",\"potentialAction\":[{\"@type\":\"ReadAction\",\"target\":[\"https:\\\/\\\/m2m2u.fi\\\/?page_id=2246\"]}]},{\"@type\":\"ImageObject\",\"inLanguage\":\"fi\",\"@id\":\"https:\\\/\\\/m2m2u.fi\\\/?page_id=2246#primaryimage\",\"url\":\"https:\\\/\\\/m2m2u.fi\\\/wp-content\\\/uploads\\\/2017\\\/02\\\/protegus01.jpg\",\"contentUrl\":\"https:\\\/\\\/m2m2u.fi\\\/wp-content\\\/uploads\\\/2017\\\/02\\\/protegus01.jpg\",\"width\":422,\"height\":352},{\"@type\":\"BreadcrumbList\",\"@id\":\"https:\\\/\\\/m2m2u.fi\\\/?page_id=2246#breadcrumb\",\"itemListElement\":[{\"@type\":\"ListItem\",\"position\":1,\"name\":\"Home\",\"item\":\"https:\\\/\\\/m2m2u.fi\\\/\"},{\"@type\":\"ListItem\",\"position\":2,\"name\":\"Protegus\"}]},{\"@type\":\"WebSite\",\"@id\":\"https:\\\/\\\/m2m2u.fi\\\/#website\",\"url\":\"https:\\\/\\\/m2m2u.fi\\\/\",\"name\":\"M2M2U Finland\",\"description\":\"IoT for professionals\",\"publisher\":{\"@id\":\"https:\\\/\\\/m2m2u.fi\\\/#organization\"},\"potentialAction\":[{\"@type\":\"SearchAction\",\"target\":{\"@type\":\"EntryPoint\",\"urlTemplate\":\"https:\\\/\\\/m2m2u.fi\\\/?s={search_term_string}\"},\"query-input\":{\"@type\":\"PropertyValueSpecification\",\"valueRequired\":true,\"valueName\":\"search_term_string\"}}],\"inLanguage\":\"fi\"},{\"@type\":\"Organization\",\"@id\":\"https:\\\/\\\/m2m2u.fi\\\/#organization\",\"name\":\"M2M2U Finland\",\"url\":\"https:\\\/\\\/m2m2u.fi\\\/\",\"logo\":{\"@type\":\"ImageObject\",\"inLanguage\":\"fi\",\"@id\":\"https:\\\/\\\/m2m2u.fi\\\/#\\\/schema\\\/logo\\\/image\\\/\",\"url\":\"https:\\\/\\\/m2m2u.fi\\\/wp\\\/wp-content\\\/uploads\\\/2017\\\/02\\\/m2m2u_logo1-1.png\",\"contentUrl\":\"https:\\\/\\\/m2m2u.fi\\\/wp\\\/wp-content\\\/uploads\\\/2017\\\/02\\\/m2m2u_logo1-1.png\",\"width\":446,\"height\":141,\"caption\":\"M2M2U Finland\"},\"image\":{\"@id\":\"https:\\\/\\\/m2m2u.fi\\\/#\\\/schema\\\/logo\\\/image\\\/\"}}]}<\/script>\n<!-- \/ Yoast SEO plugin. -->","yoast_head_json":{"title":"Protegus - M2M2U Finland","robots":{"index":"index","follow":"follow","max-snippet":"max-snippet:-1","max-image-preview":"max-image-preview:large","max-video-preview":"max-video-preview:-1"},"canonical":"https:\/\/m2m2u.fi\/?page_id=2246","og_locale":"fi_FI","og_type":"article","og_title":"Protegus - M2M2U Finland","og_description":"KIRJAUDU T\u00c4ST\u00c4 PROTEGUS-PALVELUUN! LIS\u00c4TIETOJA PROTEGUS-PALVELUSTA.\u00a0(eng)","og_url":"https:\/\/m2m2u.fi\/?page_id=2246","og_site_name":"M2M2U Finland","article_modified_time":"2017-02-17T15:19:05+00:00","og_image":[{"width":422,"height":352,"url":"https:\/\/m2m2u.fi\/wp-content\/uploads\/2017\/02\/protegus01.jpg","type":"image\/jpeg"}],"twitter_card":"summary_large_image","schema":{"@context":"https:\/\/schema.org","@graph":[{"@type":"WebPage","@id":"https:\/\/m2m2u.fi\/?page_id=2246","url":"https:\/\/m2m2u.fi\/?page_id=2246","name":"Protegus - M2M2U Finland","isPartOf":{"@id":"https:\/\/m2m2u.fi\/#website"},"primaryImageOfPage":{"@id":"https:\/\/m2m2u.fi\/?page_id=2246#primaryimage"},"image":{"@id":"https:\/\/m2m2u.fi\/?page_id=2246#primaryimage"},"thumbnailUrl":"https:\/\/m2m2u.fi\/wp\/wp-content\/uploads\/2017\/02\/protegus01-300x250.jpg","datePublished":"2017-02-17T15:18:26+00:00","dateModified":"2017-02-17T15:19:05+00:00","breadcrumb":{"@id":"https:\/\/m2m2u.fi\/?page_id=2246#breadcrumb"},"inLanguage":"fi","potentialAction":[{"@type":"ReadAction","target":["https:\/\/m2m2u.fi\/?page_id=2246"]}]},{"@type":"ImageObject","inLanguage":"fi","@id":"https:\/\/m2m2u.fi\/?page_id=2246#primaryimage","url":"https:\/\/m2m2u.fi\/wp-content\/uploads\/2017\/02\/protegus01.jpg","contentUrl":"https:\/\/m2m2u.fi\/wp-content\/uploads\/2017\/02\/protegus01.jpg","width":422,"height":352},{"@type":"BreadcrumbList","@id":"https:\/\/m2m2u.fi\/?page_id=2246#breadcrumb","itemListElement":[{"@type":"ListItem","position":1,"name":"Home","item":"https:\/\/m2m2u.fi\/"},{"@type":"ListItem","position":2,"name":"Protegus"}]},{"@type":"WebSite","@id":"https:\/\/m2m2u.fi\/#website","url":"https:\/\/m2m2u.fi\/","name":"M2M2U Finland","description":"IoT for professionals","publisher":{"@id":"https:\/\/m2m2u.fi\/#organization"},"potentialAction":[{"@type":"SearchAction","target":{"@type":"EntryPoint","urlTemplate":"https:\/\/m2m2u.fi\/?s={search_term_string}"},"query-input":{"@type":"PropertyValueSpecification","valueRequired":true,"valueName":"search_term_string"}}],"inLanguage":"fi"},{"@type":"Organization","@id":"https:\/\/m2m2u.fi\/#organization","name":"M2M2U Finland","url":"https:\/\/m2m2u.fi\/","logo":{"@type":"ImageObject","inLanguage":"fi","@id":"https:\/\/m2m2u.fi\/#\/schema\/logo\/image\/","url":"https:\/\/m2m2u.fi\/wp\/wp-content\/uploads\/2017\/02\/m2m2u_logo1-1.png","contentUrl":"https:\/\/m2m2u.fi\/wp\/wp-content\/uploads\/2017\/02\/m2m2u_logo1-1.png","width":446,"height":141,"caption":"M2M2U Finland"},"image":{"@id":"https:\/\/m2m2u.fi\/#\/schema\/logo\/image\/"}}]}},"jetpack_sharing_enabled":true,"post_mailing_queue_ids":[],"_links":{"self":[{"href":"https:\/\/m2m2u.fi\/index.php?rest_route=\/wp\/v2\/pages\/2246","targetHints":{"allow":["GET"]}}],"collection":[{"href":"https:\/\/m2m2u.fi\/index.php?rest_route=\/wp\/v2\/pages"}],"about":[{"href":"https:\/\/m2m2u.fi\/index.php?rest_route=\/wp\/v2\/types\/page"}],"author":[{"embeddable":true,"href":"https:\/\/m2m2u.fi\/index.php?rest_route=\/wp\/v2\/users\/1"}],"replies":[{"embeddable":true,"href":"https:\/\/m2m2u.fi\/index.php?rest_route=%2Fwp%2Fv2%2Fcomments&post=2246"}],"version-history":[{"count":0,"href":"https:\/\/m2m2u.fi\/index.php?rest_route=\/wp\/v2\/pages\/2246\/revisions"}],"wp:attachment":[{"href":"https:\/\/m2m2u.fi\/index.php?rest_route=%2Fwp%2Fv2%2Fmedia&parent=2246"}],"curies":[{"name":"wp","href":"https:\/\/api.w.org\/{rel}","templated":true}]}}